{"id":3913,"date":"2020-12-27T15:24:00","date_gmt":"2020-12-27T15:24:00","guid":{"rendered":"https:\/\/todayisagoatday.com\/?page_id=3913"},"modified":"2021-02-01T20:00:50","modified_gmt":"2021-02-01T20:00:50","slug":"search-hikes-on-map","status":"publish","type":"page","link":"https:\/\/todayisagoatday.com\/de\/search-hikes-on-map\/","title":{"rendered":"Finde deine Wanderungen auf der Karte"},"content":{"rendered":"<div data-elementor-type=\"wp-page\" data-elementor-id=\"3913\" class=\"elementor elementor-3913\">\n\t\t\t\t\t\t<section class=\"elementor-section elementor-top-section elementor-element elementor-element-3c8409e elementor-section-boxed elementor-section-height-default elementor-section-height-default stylepress-section-color-normal\" data-id=\"3c8409e\" data-element_type=\"section\" data-e-type=\"section\">\n\t\t\t\t\t\t<div class=\"elementor-container elementor-column-gap-default\">\n\t\t\t\t\t<div class=\"elementor-column elementor-col-100 elementor-top-column elementor-element elementor-element-77410dc\" data-id=\"77410dc\" data-element_type=\"column\" data-e-type=\"column\">\n\t\t\t<div class=\"elementor-widget-wrap elementor-element-populated\">\n\t\t\t\t\t\t<div class=\"elementor-element elementor-element-f0f9d4a elementor-widget elementor-widget-text-editor\" data-id=\"f0f9d4a\" data-element_type=\"widget\" data-e-type=\"widget\" data-widget_type=\"text-editor.default\">\n\t\t\t\t<div class=\"elementor-widget-container\">\n\t\t\t\t\t\t\t\t\t<h3 style=\"text-align: center;\">Diese Karte zeigt dir alle unsere Wanderungen und Aktivit\u00e4ten.<\/h3><p style=\"text-align: center;\">Klick auf das Symbol, um mehr Details zu lesen und zur vollst\u00e4ndigen Geschichte weitergeleitet zu werden. Jede Story enth\u00e4lt die genaue Route des jeweiligen Abenteuers (mit GPS-Koordinaten), Dauer, Streckenl\u00e4nge, Schwierigkeit und nat\u00fcrlich jede Menge Bilder und ein Video.<\/p>\t\t\t\t\t\t\t\t<\/div>\n\t\t\t\t<\/div>\n\t\t\t\t<div class=\"elementor-element elementor-element-9ad595a elementor-widget elementor-widget-html\" data-id=\"9ad595a\" data-element_type=\"widget\" data-e-type=\"widget\" data-widget_type=\"html.default\">\n\t\t\t\t<div class=\"elementor-widget-container\">\n\t\t\t\t\t<iframe src=\"https:\/\/www.google.com\/maps\/d\/u\/2\/embed?mid=1WDYUIiHuTIF6MYU3m8Ni4Lm6KM-3LOpm\" width=\"640\" height=\"480\"><\/iframe>\t\t\t\t<\/div>\n\t\t\t\t<\/div>\n\t\t\t\t\t<\/div>\n\t\t<\/div>\n\t\t\t\t\t<\/div>\n\t\t<\/section>\n\t\t\t\t<section class=\"elementor-section elementor-top-section elementor-element elementor-element-ac3937d elementor-section-boxed elementor-section-height-default elementor-section-height-default stylepress-section-color-normal\" data-id=\"ac3937d\" data-element_type=\"section\" data-e-type=\"section\">\n\t\t\t\t\t\t<div class=\"elementor-container elementor-column-gap-default\">\n\t\t\t\t\t<div class=\"elementor-column elementor-col-33 elementor-top-column elementor-element elementor-element-1239b53\" data-id=\"1239b53\" data-element_type=\"column\" data-e-type=\"column\">\n\t\t\t<div class=\"elementor-widget-wrap\">\n\t\t\t\t\t\t\t<\/div>\n\t\t<\/div>\n\t\t\t\t<div class=\"elementor-column elementor-col-33 elementor-top-column elementor-element elementor-element-7b3abf8\" data-id=\"7b3abf8\" data-element_type=\"column\" data-e-type=\"column\">\n\t\t\t<div class=\"elementor-widget-wrap elementor-element-populated\">\n\t\t\t\t\t\t<div class=\"elementor-element elementor-element-bc13f5a animated-slow elementor-invisible elementor-widget elementor-widget-stylepress_email_subscribe\" data-id=\"bc13f5a\" data-element_type=\"widget\" data-e-type=\"widget\" data-settings=\"{&quot;_animation&quot;:&quot;fadeInRight&quot;}\" data-widget_type=\"stylepress_email_subscribe.default\">\n\t\t\t\t<div class=\"elementor-widget-container\">\n\t\t\t\t\t\t\t<div class=\"stylepress-email-subscribe\" data-elm=\"bc13f5a\"\n\t\t     data-post=\"3913\">\n\t\t\t<div class=\"loading\"><\/div>\n\t\t\t<div class=\"stylepress-email-status\"><\/div>\n\t\t\t<input type=\"email\" name=\"email\" value=\"\" placeholder=\"Your Email\" class=\"stylepress-subscribe-email\">\n\t\t\t<input type=\"button\" name=\"subscribe\" value=\"Subscribe\" class=\"stylepress-subscribe-send\">\n\t\t<\/div>\n\t\t\t\t\t\t<\/div>\n\t\t\t\t<\/div>\n\t\t\t\t\t<\/div>\n\t\t<\/div>\n\t\t\t\t<div class=\"elementor-column elementor-col-33 elementor-top-column elementor-element elementor-element-deca983\" data-id=\"deca983\" data-element_type=\"column\" data-e-type=\"column\">\n\t\t\t<div class=\"elementor-widget-wrap\">\n\t\t\t\t\t\t\t<\/div>\n\t\t<\/div>\n\t\t\t\t\t<\/div>\n\t\t<\/section>\n\t\t\t\t<section class=\"elementor-section elementor-top-section elementor-element elementor-element-503ad68 elementor-section-boxed elementor-section-height-default elementor-section-height-default stylepress-section-color-normal\" data-id=\"503ad68\" data-element_type=\"section\" data-e-type=\"section\" data-settings=\"{&quot;background_background&quot;:&quot;classic&quot;}\">\n\t\t\t\t\t\t<div class=\"elementor-container elementor-column-gap-default\">\n\t\t\t\t\t<div class=\"elementor-column elementor-col-100 elementor-top-column elementor-element elementor-element-bbe8244\" data-id=\"bbe8244\" data-element_type=\"column\" data-e-type=\"column\">\n\t\t\t<div class=\"elementor-widget-wrap elementor-element-populated\">\n\t\t\t\t\t\t<div class=\"elementor-element elementor-element-078cbbd elementor-widget elementor-widget-heading\" data-id=\"078cbbd\" data-element_type=\"widget\" data-e-type=\"widget\" data-widget_type=\"heading.default\">\n\t\t\t\t<div class=\"elementor-widget-container\">\n\t\t\t\t\t<h3 class=\"elementor-heading-title elementor-size-default\">Folgt uns auf...<\/h3>\t\t\t\t<\/div>\n\t\t\t\t<\/div>\n\t\t\t\t<div class=\"elementor-element elementor-element-e5073ab elementor-shape-rounded elementor-grid-0 e-grid-align-center elementor-widget elementor-widget-social-icons\" data-id=\"e5073ab\" data-element_type=\"widget\" data-e-type=\"widget\" data-widget_type=\"social-icons.default\">\n\t\t\t\t<div class=\"elementor-widget-container\">\n\t\t\t\t\t\t\t<div class=\"elementor-social-icons-wrapper elementor-grid\" role=\"list\">\n\t\t\t\t\t\t\t<span class=\"elementor-grid-item\" role=\"listitem\">\n\t\t\t\t\t<a class=\"elementor-icon elementor-social-icon elementor-social-icon-instagram elementor-animation-grow elementor-repeater-item-176ce5c\" href=\"https:\/\/www.instagram.com\/todayisagoatday\/\" target=\"_blank\">\n\t\t\t\t\t\t<span class=\"elementor-screen-only\">Instagram<\/span>\n\t\t\t\t\t\t<i aria-hidden=\"true\" class=\"fab fa-instagram\"><\/i>\t\t\t\t\t<\/a>\n\t\t\t\t<\/span>\n\t\t\t\t\t\t\t<span class=\"elementor-grid-item\" role=\"listitem\">\n\t\t\t\t\t<a class=\"elementor-icon elementor-social-icon elementor-social-icon-facebook elementor-animation-grow elementor-repeater-item-b779f8d\" href=\"https:\/\/www.facebook.com\/Todayisagoatday-103894504645108\/\" target=\"_blank\">\n\t\t\t\t\t\t<span class=\"elementor-screen-only\">Facebook<\/span>\n\t\t\t\t\t\t<i aria-hidden=\"true\" class=\"fab fa-facebook\"><\/i>\t\t\t\t\t<\/a>\n\t\t\t\t<\/span>\n\t\t\t\t\t\t\t<span class=\"elementor-grid-item\" role=\"listitem\">\n\t\t\t\t\t<a class=\"elementor-icon elementor-social-icon elementor-social-icon-youtube elementor-animation-grow elementor-repeater-item-9fbef60\" target=\"_blank\">\n\t\t\t\t\t\t<span class=\"elementor-screen-only\">Youtube<\/span>\n\t\t\t\t\t\t<i aria-hidden=\"true\" class=\"fab fa-youtube\"><\/i>\t\t\t\t\t<\/a>\n\t\t\t\t<\/span>\n\t\t\t\t\t<\/div>\n\t\t\t\t\t\t<\/div>\n\t\t\t\t<\/div>\n\t\t\t\t\t<\/div>\n\t\t<\/div>\n\t\t\t\t\t<\/div>\n\t\t<\/section>\n\t\t\t\t<\/div>","protected":false},"excerpt":{"rendered":"<p>This map shows you all of our hikes and activities. Click on the icon to read more details and get directed to the full story. Each story contains the exact route of each adventure (with gps coordinates), duration, track length, difficulty and of course, plenty of images and a video. FOLLOW US ON &#8230; Instagram [&hellip;]<\/p>\n","protected":false},"author":1,"featured_media":0,"parent":0,"menu_order":0,"comment_status":"open","ping_status":"closed","template":"","meta":{"site-sidebar-layout":"no-sidebar","site-content-layout":"page-builder","ast-site-content-layout":"","site-content-style":"default","site-sidebar-style":"default","ast-global-header-display":"","ast-banner-title-visibility":"","ast-main-header-display":"","ast-hfb-above-header-display":"","ast-hfb-below-header-display":"","ast-hfb-mobile-header-display":"","site-post-title":"disabled","ast-breadcrumbs-content":"","ast-featured-img":"disabled","footer-sml-layout":"","theme-transparent-header-meta":"disabled","adv-header-id-meta":"","stick-header-meta":"","header-above-stick-meta":"","header-main-stick-meta":"","header-below-stick-meta":"","astra-migrate-meta-layouts":"default","ast-page-background-enabled":"default","ast-page-background-meta":{"desktop":{"background-color":"","background-image":"","background-repeat":"repeat","background-position":"center center","background-size":"auto","background-attachment":"scroll","background-type":"","background-media":"","overlay-type":"","overlay-color":"","overlay-opacity":"","overlay-gradient":""},"tablet":{"background-color":"","background-image":"","background-repeat":"repeat","background-position":"center center","background-size":"auto","background-attachment":"scroll","background-type":"","background-media":"","overlay-type":"","overlay-color":"","overlay-opacity":"","overlay-gradient":""},"mobile":{"background-color":"","background-image":"","background-repeat":"repeat","background-position":"center center","background-size":"auto","background-attachment":"scroll","background-type":"","background-media":"","overlay-type":"","overlay-color":"","overlay-opacity":"","overlay-gradient":""}},"ast-content-background-meta":{"desktop":{"background-color":"var(--ast-global-color-5)","background-image":"","background-repeat":"repeat","background-position":"center center","background-size":"auto","background-attachment":"scroll","background-type":"","background-media":"","overlay-type":"","overlay-color":"","overlay-opacity":"","overlay-gradient":""},"tablet":{"background-color":"var(--ast-global-color-5)","background-image":"","background-repeat":"repeat","background-position":"center center","background-size":"auto","background-attachment":"scroll","background-type":"","background-media":"","overlay-type":"","overlay-color":"","overlay-opacity":"","overlay-gradient":""},"mobile":{"background-color":"var(--ast-global-color-5)","background-image":"","background-repeat":"repeat","background-position":"center center","background-size":"auto","background-attachment":"scroll","background-type":"","background-media":"","overlay-type":"","overlay-color":"","overlay-opacity":"","overlay-gradient":""}},"footnotes":""},"class_list":["post-3913","page","type-page","status-publish","hentry"],"yoast_head":"<!-- This site is optimized with the Yoast SEO plugin v27.4 - https:\/\/yoast.com\/product\/yoast-seo-wordpress\/ -->\n<title>Search Hikes on Map - TODAY IS A GOAT DAY<\/title>\n<meta name=\"robots\" content=\"index, follow, max-snippet:-1, max-image-preview:large, max-video-preview:-1\" \/>\n<link rel=\"canonical\" href=\"https:\/\/todayisagoatday.com\/de\/search-hikes-on-map\/\" \/>\n<meta name=\"twitter:card\" content=\"summary_large_image\" \/>\n<meta name=\"twitter:title\" content=\"Search Hikes on Map - TODAY IS A GOAT DAY\" \/>\n<meta name=\"twitter:description\" content=\"This map shows you all of our hikes and activities. Click on the icon to read more details and get directed to the full story. Each story contains the exact route of each adventure (with gps coordinates), duration, track length, difficulty and of course, plenty of images and a video. FOLLOW US ON &#8230; Instagram [&hellip;]\" \/>\n<meta name=\"twitter:label1\" content=\"Gesch\u00e4tzte Lesezeit\" \/>\n\t<meta name=\"twitter:data1\" content=\"1\u00a0Minute\" \/>\n<script type=\"application\/ld+json\" class=\"yoast-schema-graph\">{\"@context\":\"https:\\\/\\\/schema.org\",\"@graph\":[{\"@type\":\"WebPage\",\"@id\":\"https:\\\/\\\/todayisagoatday.com\\\/en\\\/search-hikes-on-map\\\/\",\"url\":\"https:\\\/\\\/todayisagoatday.com\\\/en\\\/search-hikes-on-map\\\/\",\"name\":\"Search Hikes on Map - TODAY IS A GOAT DAY\",\"isPartOf\":{\"@id\":\"https:\\\/\\\/todayisagoatday.com\\\/#website\"},\"datePublished\":\"2020-12-27T15:24:00+00:00\",\"dateModified\":\"2021-02-01T20:00:50+00:00\",\"breadcrumb\":{\"@id\":\"https:\\\/\\\/todayisagoatday.com\\\/en\\\/search-hikes-on-map\\\/#breadcrumb\"},\"inLanguage\":\"de\",\"potentialAction\":[{\"@type\":\"ReadAction\",\"target\":[\"https:\\\/\\\/todayisagoatday.com\\\/en\\\/search-hikes-on-map\\\/\"]}]},{\"@type\":\"BreadcrumbList\",\"@id\":\"https:\\\/\\\/todayisagoatday.com\\\/en\\\/search-hikes-on-map\\\/#breadcrumb\",\"itemListElement\":[{\"@type\":\"ListItem\",\"position\":1,\"name\":\"Home\",\"item\":\"https:\\\/\\\/todayisagoatday.com\\\/de\\\/\"},{\"@type\":\"ListItem\",\"position\":2,\"name\":\"Search Hikes on Map\"}]},{\"@type\":\"WebSite\",\"@id\":\"https:\\\/\\\/todayisagoatday.com\\\/#website\",\"url\":\"https:\\\/\\\/todayisagoatday.com\\\/\",\"name\":\"TODAY IS A GOAT DAY\",\"description\":\"Hikes and activities in Switzerland\",\"publisher\":{\"@id\":\"https:\\\/\\\/todayisagoatday.com\\\/#organization\"},\"potentialAction\":[{\"@type\":\"SearchAction\",\"target\":{\"@type\":\"EntryPoint\",\"urlTemplate\":\"https:\\\/\\\/todayisagoatday.com\\\/?s={search_term_string}\"},\"query-input\":{\"@type\":\"PropertyValueSpecification\",\"valueRequired\":true,\"valueName\":\"search_term_string\"}}],\"inLanguage\":\"de\"},{\"@type\":\"Organization\",\"@id\":\"https:\\\/\\\/todayisagoatday.com\\\/#organization\",\"name\":\"Today is a Goat day - Adventures Hiking | Walking in Switzerland\",\"url\":\"https:\\\/\\\/todayisagoatday.com\\\/\",\"logo\":{\"@type\":\"ImageObject\",\"inLanguage\":\"de\",\"@id\":\"https:\\\/\\\/todayisagoatday.com\\\/#\\\/schema\\\/logo\\\/image\\\/\",\"url\":\"https:\\\/\\\/todayisagoatday.com\\\/wp-content\\\/uploads\\\/2020\\\/11\\\/Logo-grey-green-white.png\",\"contentUrl\":\"https:\\\/\\\/todayisagoatday.com\\\/wp-content\\\/uploads\\\/2020\\\/11\\\/Logo-grey-green-white.png\",\"width\":401,\"height\":401,\"caption\":\"Today is a Goat day - Adventures Hiking | Walking in Switzerland\"},\"image\":{\"@id\":\"https:\\\/\\\/todayisagoatday.com\\\/#\\\/schema\\\/logo\\\/image\\\/\"},\"sameAs\":[\"https:\\\/\\\/www.facebook.com\\\/Todayisagoatday-103894504645108\",\"https:\\\/\\\/www.instagram.com\\\/todayisagoatday\\\/\"]}]}<\/script>\n<!-- \/ Yoast SEO plugin. -->","yoast_head_json":{"title":"Search Hikes on Map - TODAY IS A GOAT DAY","robots":{"index":"index","follow":"follow","max-snippet":"max-snippet:-1","max-image-preview":"max-image-preview:large","max-video-preview":"max-video-preview:-1"},"canonical":"https:\/\/todayisagoatday.com\/de\/search-hikes-on-map\/","twitter_card":"summary_large_image","twitter_title":"Search Hikes on Map - TODAY IS A GOAT DAY","twitter_description":"This map shows you all of our hikes and activities. Click on the icon to read more details and get directed to the full story. Each story contains the exact route of each adventure (with gps coordinates), duration, track length, difficulty and of course, plenty of images and a video. FOLLOW US ON &#8230; Instagram [&hellip;]","twitter_misc":{"Gesch\u00e4tzte Lesezeit":"1\u00a0Minute"},"schema":{"@context":"https:\/\/schema.org","@graph":[{"@type":"WebPage","@id":"https:\/\/todayisagoatday.com\/en\/search-hikes-on-map\/","url":"https:\/\/todayisagoatday.com\/en\/search-hikes-on-map\/","name":"Search Hikes on Map - TODAY IS A GOAT DAY","isPartOf":{"@id":"https:\/\/todayisagoatday.com\/#website"},"datePublished":"2020-12-27T15:24:00+00:00","dateModified":"2021-02-01T20:00:50+00:00","breadcrumb":{"@id":"https:\/\/todayisagoatday.com\/en\/search-hikes-on-map\/#breadcrumb"},"inLanguage":"de","potentialAction":[{"@type":"ReadAction","target":["https:\/\/todayisagoatday.com\/en\/search-hikes-on-map\/"]}]},{"@type":"BreadcrumbList","@id":"https:\/\/todayisagoatday.com\/en\/search-hikes-on-map\/#breadcrumb","itemListElement":[{"@type":"ListItem","position":1,"name":"Home","item":"https:\/\/todayisagoatday.com\/de\/"},{"@type":"ListItem","position":2,"name":"Search Hikes on Map"}]},{"@type":"WebSite","@id":"https:\/\/todayisagoatday.com\/#website","url":"https:\/\/todayisagoatday.com\/","name":"TODAY IS A GOAT DAY","description":"Tolle Aktivit\u00e4ten in der Schweiz","publisher":{"@id":"https:\/\/todayisagoatday.com\/#organization"},"potentialAction":[{"@type":"SearchAction","target":{"@type":"EntryPoint","urlTemplate":"https:\/\/todayisagoatday.com\/?s={search_term_string}"},"query-input":{"@type":"PropertyValueSpecification","valueRequired":true,"valueName":"search_term_string"}}],"inLanguage":"de"},{"@type":"Organization","@id":"https:\/\/todayisagoatday.com\/#organization","name":"Today is a Goat day - Adventures Hiking | Walking in Switzerland","url":"https:\/\/todayisagoatday.com\/","logo":{"@type":"ImageObject","inLanguage":"de","@id":"https:\/\/todayisagoatday.com\/#\/schema\/logo\/image\/","url":"https:\/\/todayisagoatday.com\/wp-content\/uploads\/2020\/11\/Logo-grey-green-white.png","contentUrl":"https:\/\/todayisagoatday.com\/wp-content\/uploads\/2020\/11\/Logo-grey-green-white.png","width":401,"height":401,"caption":"Today is a Goat day - Adventures Hiking | Walking in Switzerland"},"image":{"@id":"https:\/\/todayisagoatday.com\/#\/schema\/logo\/image\/"},"sameAs":["https:\/\/www.facebook.com\/Todayisagoatday-103894504645108","https:\/\/www.instagram.com\/todayisagoatday\/"]}]}},"_links":{"self":[{"href":"https:\/\/todayisagoatday.com\/de\/wp-json\/wp\/v2\/pages\/3913","targetHints":{"allow":["GET"]}}],"collection":[{"href":"https:\/\/todayisagoatday.com\/de\/wp-json\/wp\/v2\/pages"}],"about":[{"href":"https:\/\/todayisagoatday.com\/de\/wp-json\/wp\/v2\/types\/page"}],"author":[{"embeddable":true,"href":"https:\/\/todayisagoatday.com\/de\/wp-json\/wp\/v2\/users\/1"}],"replies":[{"embeddable":true,"href":"https:\/\/todayisagoatday.com\/de\/wp-json\/wp\/v2\/comments?post=3913"}],"version-history":[{"count":5,"href":"https:\/\/todayisagoatday.com\/de\/wp-json\/wp\/v2\/pages\/3913\/revisions"}],"predecessor-version":[{"id":4638,"href":"https:\/\/todayisagoatday.com\/de\/wp-json\/wp\/v2\/pages\/3913\/revisions\/4638"}],"wp:attachment":[{"href":"https:\/\/todayisagoatday.com\/de\/wp-json\/wp\/v2\/media?parent=3913"}],"curies":[{"name":"wp","href":"https:\/\/api.w.org\/{rel}","templated":true}]}}