{"id":3893,"date":"2020-12-24T13:52:10","date_gmt":"2020-12-24T13:52:10","guid":{"rendered":"https:\/\/todayisagoatday.com\/?page_id=3893"},"modified":"2020-12-27T16:06:37","modified_gmt":"2020-12-27T16:06:37","slug":"overview-of-swiss-cantons","status":"publish","type":"page","link":"https:\/\/todayisagoatday.com\/de\/overview-of-swiss-cantons\/","title":{"rendered":"\u00dcbersicht der Schweizer Kantone"},"content":{"rendered":"<div data-elementor-type=\"wp-page\" data-elementor-id=\"3893\" class=\"elementor elementor-3893\">\n\t\t\t\t\t\t<section class=\"elementor-section elementor-top-section elementor-element elementor-element-168502d elementor-section-boxed elementor-section-height-default elementor-section-height-default stylepress-section-color-normal\" data-id=\"168502d\" data-element_type=\"section\" data-e-type=\"section\">\n\t\t\t\t\t\t<div class=\"elementor-container elementor-column-gap-default\">\n\t\t\t\t\t<div class=\"elementor-column elementor-col-100 elementor-top-column elementor-element elementor-element-9fb7e16\" data-id=\"9fb7e16\" data-element_type=\"column\" data-e-type=\"column\">\n\t\t\t<div class=\"elementor-widget-wrap elementor-element-populated\">\n\t\t\t\t\t\t<div class=\"elementor-element elementor-element-00eccb7 elementor-widget elementor-widget-text-editor\" data-id=\"00eccb7\" data-element_type=\"widget\" data-e-type=\"widget\" data-widget_type=\"text-editor.default\">\n\t\t\t\t<div class=\"elementor-widget-container\">\n\t\t\t\t\t\t\t\t\t<h3 style=\"text-align: center;\">Diese Karte zeigt dir die 26 Kantone der Schweiz.<\/h3>\n<p style=\"text-align: center;\">Jeder Kanton bietet eine gro\u00dfe Vielfalt an Wanderungen, Spazierg\u00e4ngen und anderen tollen Aktivit\u00e4ten. Beweg den Mauszeiger \u00fcber die Karte, um zu verstehen, wo genau sich jeder Kanton befindet.<\/p><p style=\"text-align: center;\">Klick auf <a href=\"https:\/\/todayisagoatday.com\/de\/search-hikes-on-map\/\">diesen Link<\/a> um deine n\u00e4chste Wanderung oder Aktivit\u00e4t auf der Karte zu finden.<\/p>\t\t\t\t\t\t\t\t<\/div>\n\t\t\t\t<\/div>\n\t\t\t\t<div class=\"elementor-element elementor-element-bac9306 elementor-widget elementor-widget-html\" data-id=\"bac9306\" data-element_type=\"widget\" data-e-type=\"widget\" data-widget_type=\"html.default\">\n\t\t\t\t<div class=\"elementor-widget-container\">\n\t\t\t\t\t<div class=\"map_wrapper\" id=\"map_wrapper_3476\">\n<div class=\"map_box\" style=\"max-width:2200px\">\n<div class=\"map_aspect_ratio\" style=\"padding-top:56%\" data-padding-top=\"56%\" data-padding-top-mobile=\"\">\n<div class=\"map_container\">\n<div class=\"map_render map_loading\" id=\"map_3476\"><\/div>\n<\/div>\n<\/div>\n<\/div>\n<\/div>\t\t\t\t<\/div>\n\t\t\t\t<\/div>\n\t\t\t\t\t<\/div>\n\t\t<\/div>\n\t\t\t\t\t<\/div>\n\t\t<\/section>\n\t\t\t\t<\/div>","protected":false},"excerpt":{"rendered":"<p>This map shows you the 26 cantons of Switzerland. Each canton offers a great variety of hikes, walks and other fun activities. Hover over the map to understand where each canton is located. Click on this link to search your next hike or activity on the map.<\/p>","protected":false},"author":1,"featured_media":0,"parent":0,"menu_order":0,"comment_status":"open","ping_status":"closed","template":"","meta":{"site-sidebar-layout":"no-sidebar","site-content-layout":"page-builder","ast-site-content-layout":"","site-content-style":"default","site-sidebar-style":"default","ast-global-header-display":"","ast-banner-title-visibility":"","ast-main-header-display":"","ast-hfb-above-header-display":"","ast-hfb-below-header-display":"","ast-hfb-mobile-header-display":"","site-post-title":"disabled","ast-breadcrumbs-content":"disabled","ast-featured-img":"disabled","footer-sml-layout":"","theme-transparent-header-meta":"disabled","adv-header-id-meta":"","stick-header-meta":"","header-above-stick-meta":"","header-main-stick-meta":"","header-below-stick-meta":"","astra-migrate-meta-layouts":"default","ast-page-background-enabled":"default","ast-page-background-meta":{"desktop":{"background-color":"","background-image":"","background-repeat":"repeat","background-position":"center center","background-size":"auto","background-attachment":"scroll","background-type":"","background-media":"","overlay-type":"","overlay-color":"","overlay-opacity":"","overlay-gradient":""},"tablet":{"background-color":"","background-image":"","background-repeat":"repeat","background-position":"center center","background-size":"auto","background-attachment":"scroll","background-type":"","background-media":"","overlay-type":"","overlay-color":"","overlay-opacity":"","overlay-gradient":""},"mobile":{"background-color":"","background-image":"","background-repeat":"repeat","background-position":"center center","background-size":"auto","background-attachment":"scroll","background-type":"","background-media":"","overlay-type":"","overlay-color":"","overlay-opacity":"","overlay-gradient":""}},"ast-content-background-meta":{"desktop":{"background-color":"var(--ast-global-color-5)","background-image":"","background-repeat":"repeat","background-position":"center center","background-size":"auto","background-attachment":"scroll","background-type":"","background-media":"","overlay-type":"","overlay-color":"","overlay-opacity":"","overlay-gradient":""},"tablet":{"background-color":"var(--ast-global-color-5)","background-image":"","background-repeat":"repeat","background-position":"center center","background-size":"auto","background-attachment":"scroll","background-type":"","background-media":"","overlay-type":"","overlay-color":"","overlay-opacity":"","overlay-gradient":""},"mobile":{"background-color":"var(--ast-global-color-5)","background-image":"","background-repeat":"repeat","background-position":"center center","background-size":"auto","background-attachment":"scroll","background-type":"","background-media":"","overlay-type":"","overlay-color":"","overlay-opacity":"","overlay-gradient":""}},"footnotes":""},"class_list":["post-3893","page","type-page","status-publish","hentry"],"yoast_head":"<!-- This site is optimized with the Yoast SEO plugin v27.4 - https:\/\/yoast.com\/product\/yoast-seo-wordpress\/ -->\n<title>Overview of Swiss Cantons - TODAY IS A GOAT DAY<\/title>\n<meta name=\"robots\" content=\"index, follow, max-snippet:-1, max-image-preview:large, max-video-preview:-1\" \/>\n<link rel=\"canonical\" href=\"https:\/\/todayisagoatday.com\/de\/overview-of-swiss-cantons\/\" \/>\n<meta name=\"twitter:card\" content=\"summary_large_image\" \/>\n<meta name=\"twitter:title\" content=\"Overview of Swiss Cantons - TODAY IS A GOAT DAY\" \/>\n<meta name=\"twitter:description\" content=\"This map shows you the 26 cantons of Switzerland. Each canton offers a great variety of hikes, walks and other fun activities. Hover over the map to understand where each canton is located. Click on this link to search your next hike or activity on the map.\" \/>\n<script type=\"application\/ld+json\" class=\"yoast-schema-graph\">{\"@context\":\"https:\\\/\\\/schema.org\",\"@graph\":[{\"@type\":\"WebPage\",\"@id\":\"https:\\\/\\\/todayisagoatday.com\\\/de\\\/overview-of-swiss-cantons\\\/\",\"url\":\"https:\\\/\\\/todayisagoatday.com\\\/de\\\/overview-of-swiss-cantons\\\/\",\"name\":\"Overview of Swiss Cantons - TODAY IS A GOAT DAY\",\"isPartOf\":{\"@id\":\"https:\\\/\\\/todayisagoatday.com\\\/#website\"},\"datePublished\":\"2020-12-24T13:52:10+00:00\",\"dateModified\":\"2020-12-27T16:06:37+00:00\",\"breadcrumb\":{\"@id\":\"https:\\\/\\\/todayisagoatday.com\\\/de\\\/overview-of-swiss-cantons\\\/#breadcrumb\"},\"inLanguage\":\"de\",\"potentialAction\":[{\"@type\":\"ReadAction\",\"target\":[\"https:\\\/\\\/todayisagoatday.com\\\/de\\\/overview-of-swiss-cantons\\\/\"]}]},{\"@type\":\"BreadcrumbList\",\"@id\":\"https:\\\/\\\/todayisagoatday.com\\\/de\\\/overview-of-swiss-cantons\\\/#breadcrumb\",\"itemListElement\":[{\"@type\":\"ListItem\",\"position\":1,\"name\":\"Home\",\"item\":\"https:\\\/\\\/todayisagoatday.com\\\/de\\\/\"},{\"@type\":\"ListItem\",\"position\":2,\"name\":\"Overview of Swiss Cantons\"}]},{\"@type\":\"WebSite\",\"@id\":\"https:\\\/\\\/todayisagoatday.com\\\/#website\",\"url\":\"https:\\\/\\\/todayisagoatday.com\\\/\",\"name\":\"TODAY IS A GOAT DAY\",\"description\":\"Hikes and activities in Switzerland\",\"publisher\":{\"@id\":\"https:\\\/\\\/todayisagoatday.com\\\/#organization\"},\"potentialAction\":[{\"@type\":\"SearchAction\",\"target\":{\"@type\":\"EntryPoint\",\"urlTemplate\":\"https:\\\/\\\/todayisagoatday.com\\\/?s={search_term_string}\"},\"query-input\":{\"@type\":\"PropertyValueSpecification\",\"valueRequired\":true,\"valueName\":\"search_term_string\"}}],\"inLanguage\":\"de\"},{\"@type\":\"Organization\",\"@id\":\"https:\\\/\\\/todayisagoatday.com\\\/#organization\",\"name\":\"Today is a Goat day - Adventures Hiking | Walking in Switzerland\",\"url\":\"https:\\\/\\\/todayisagoatday.com\\\/\",\"logo\":{\"@type\":\"ImageObject\",\"inLanguage\":\"de\",\"@id\":\"https:\\\/\\\/todayisagoatday.com\\\/#\\\/schema\\\/logo\\\/image\\\/\",\"url\":\"https:\\\/\\\/todayisagoatday.com\\\/wp-content\\\/uploads\\\/2020\\\/11\\\/Logo-grey-green-white.png\",\"contentUrl\":\"https:\\\/\\\/todayisagoatday.com\\\/wp-content\\\/uploads\\\/2020\\\/11\\\/Logo-grey-green-white.png\",\"width\":401,\"height\":401,\"caption\":\"Today is a Goat day - Adventures Hiking | Walking in Switzerland\"},\"image\":{\"@id\":\"https:\\\/\\\/todayisagoatday.com\\\/#\\\/schema\\\/logo\\\/image\\\/\"},\"sameAs\":[\"https:\\\/\\\/www.facebook.com\\\/Todayisagoatday-103894504645108\",\"https:\\\/\\\/www.instagram.com\\\/todayisagoatday\\\/\"]}]}<\/script>\n<!-- \/ Yoast SEO plugin. -->","yoast_head_json":{"title":"Overview of Swiss Cantons - TODAY IS A GOAT DAY","robots":{"index":"index","follow":"follow","max-snippet":"max-snippet:-1","max-image-preview":"max-image-preview:large","max-video-preview":"max-video-preview:-1"},"canonical":"https:\/\/todayisagoatday.com\/de\/overview-of-swiss-cantons\/","twitter_card":"summary_large_image","twitter_title":"Overview of Swiss Cantons - TODAY IS A GOAT DAY","twitter_description":"This map shows you the 26 cantons of Switzerland. Each canton offers a great variety of hikes, walks and other fun activities. Hover over the map to understand where each canton is located. Click on this link to search your next hike or activity on the map.","schema":{"@context":"https:\/\/schema.org","@graph":[{"@type":"WebPage","@id":"https:\/\/todayisagoatday.com\/de\/overview-of-swiss-cantons\/","url":"https:\/\/todayisagoatday.com\/de\/overview-of-swiss-cantons\/","name":"Overview of Swiss Cantons - TODAY IS A GOAT DAY","isPartOf":{"@id":"https:\/\/todayisagoatday.com\/#website"},"datePublished":"2020-12-24T13:52:10+00:00","dateModified":"2020-12-27T16:06:37+00:00","breadcrumb":{"@id":"https:\/\/todayisagoatday.com\/de\/overview-of-swiss-cantons\/#breadcrumb"},"inLanguage":"de","potentialAction":[{"@type":"ReadAction","target":["https:\/\/todayisagoatday.com\/de\/overview-of-swiss-cantons\/"]}]},{"@type":"BreadcrumbList","@id":"https:\/\/todayisagoatday.com\/de\/overview-of-swiss-cantons\/#breadcrumb","itemListElement":[{"@type":"ListItem","position":1,"name":"Home","item":"https:\/\/todayisagoatday.com\/de\/"},{"@type":"ListItem","position":2,"name":"Overview of Swiss Cantons"}]},{"@type":"WebSite","@id":"https:\/\/todayisagoatday.com\/#website","url":"https:\/\/todayisagoatday.com\/","name":"TODAY IS A GOAT DAY","description":"Tolle Aktivit\u00e4ten in der Schweiz","publisher":{"@id":"https:\/\/todayisagoatday.com\/#organization"},"potentialAction":[{"@type":"SearchAction","target":{"@type":"EntryPoint","urlTemplate":"https:\/\/todayisagoatday.com\/?s={search_term_string}"},"query-input":{"@type":"PropertyValueSpecification","valueRequired":true,"valueName":"search_term_string"}}],"inLanguage":"de"},{"@type":"Organization","@id":"https:\/\/todayisagoatday.com\/#organization","name":"Today is a Goat day - Adventures Hiking | Walking in Switzerland","url":"https:\/\/todayisagoatday.com\/","logo":{"@type":"ImageObject","inLanguage":"de","@id":"https:\/\/todayisagoatday.com\/#\/schema\/logo\/image\/","url":"https:\/\/todayisagoatday.com\/wp-content\/uploads\/2020\/11\/Logo-grey-green-white.png","contentUrl":"https:\/\/todayisagoatday.com\/wp-content\/uploads\/2020\/11\/Logo-grey-green-white.png","width":401,"height":401,"caption":"Today is a Goat day - Adventures Hiking | Walking in Switzerland"},"image":{"@id":"https:\/\/todayisagoatday.com\/#\/schema\/logo\/image\/"},"sameAs":["https:\/\/www.facebook.com\/Todayisagoatday-103894504645108","https:\/\/www.instagram.com\/todayisagoatday\/"]}]}},"_links":{"self":[{"href":"https:\/\/todayisagoatday.com\/de\/wp-json\/wp\/v2\/pages\/3893","targetHints":{"allow":["GET"]}}],"collection":[{"href":"https:\/\/todayisagoatday.com\/de\/wp-json\/wp\/v2\/pages"}],"about":[{"href":"https:\/\/todayisagoatday.com\/de\/wp-json\/wp\/v2\/types\/page"}],"author":[{"embeddable":true,"href":"https:\/\/todayisagoatday.com\/de\/wp-json\/wp\/v2\/users\/1"}],"replies":[{"embeddable":true,"href":"https:\/\/todayisagoatday.com\/de\/wp-json\/wp\/v2\/comments?post=3893"}],"version-history":[{"count":5,"href":"https:\/\/todayisagoatday.com\/de\/wp-json\/wp\/v2\/pages\/3893\/revisions"}],"predecessor-version":[{"id":3938,"href":"https:\/\/todayisagoatday.com\/de\/wp-json\/wp\/v2\/pages\/3893\/revisions\/3938"}],"wp:attachment":[{"href":"https:\/\/todayisagoatday.com\/de\/wp-json\/wp\/v2\/media?parent=3893"}],"curies":[{"name":"wp","href":"https:\/\/api.w.org\/{rel}","templated":true}]}}