{"id":2923,"date":"2020-11-01T12:38:07","date_gmt":"2020-11-01T12:38:07","guid":{"rendered":"https:\/\/todayisagoatday.com\/?page_id=2923"},"modified":"2020-11-19T11:45:47","modified_gmt":"2020-11-19T11:45:47","slug":"guest-writers","status":"publish","type":"page","link":"https:\/\/todayisagoatday.com\/de\/guest-writers\/","title":{"rendered":"Gastautoren"},"content":{"rendered":"<div data-elementor-type=\"wp-page\" data-elementor-id=\"2923\" class=\"elementor elementor-2923\">\n\t\t\t\t\t\t<section class=\"elementor-section elementor-top-section elementor-element elementor-element-9a49297 elementor-section-boxed elementor-section-height-default elementor-section-height-default stylepress-section-color-normal\" data-id=\"9a49297\" data-element_type=\"section\" data-e-type=\"section\" data-settings=\"{&quot;background_background&quot;:&quot;classic&quot;}\">\n\t\t\t\t\t\t\t<div class=\"elementor-background-overlay\"><\/div>\n\t\t\t\t\t\t\t<div class=\"elementor-container elementor-column-gap-default\">\n\t\t\t\t\t<div class=\"elementor-column elementor-col-33 elementor-top-column elementor-element elementor-element-56260c8\" data-id=\"56260c8\" data-element_type=\"column\" data-e-type=\"column\">\n\t\t\t<div class=\"elementor-widget-wrap\">\n\t\t\t\t\t\t\t<\/div>\n\t\t<\/div>\n\t\t\t\t<div class=\"elementor-column elementor-col-33 elementor-top-column elementor-element elementor-element-6102d95\" data-id=\"6102d95\" data-element_type=\"column\" data-e-type=\"column\">\n\t\t\t<div class=\"elementor-widget-wrap elementor-element-populated\">\n\t\t\t\t\t\t<div class=\"elementor-element elementor-element-12b8244 animated-fast elementor-invisible elementor-widget elementor-widget-heading\" data-id=\"12b8244\" data-element_type=\"widget\" data-e-type=\"widget\" data-settings=\"{&quot;_animation&quot;:&quot;slideInDown&quot;,&quot;_animation_delay&quot;:100}\" data-widget_type=\"heading.default\">\n\t\t\t\t<div class=\"elementor-widget-container\">\n\t\t\t\t\t<h1 class=\"elementor-heading-title elementor-size-default\">Gastautoren<\/h1>\t\t\t\t<\/div>\n\t\t\t\t<\/div>\n\t\t\t\t\t<\/div>\n\t\t<\/div>\n\t\t\t\t<div class=\"elementor-column elementor-col-33 elementor-top-column elementor-element elementor-element-1909c2d\" data-id=\"1909c2d\" data-element_type=\"column\" data-e-type=\"column\">\n\t\t\t<div class=\"elementor-widget-wrap\">\n\t\t\t\t\t\t\t<\/div>\n\t\t<\/div>\n\t\t\t\t\t<\/div>\n\t\t<\/section>\n\t\t\t\t<section class=\"elementor-section elementor-top-section elementor-element elementor-element-7929535 elementor-section-boxed elementor-section-height-default elementor-section-height-default stylepress-section-color-normal\" data-id=\"7929535\" data-element_type=\"section\" data-e-type=\"section\">\n\t\t\t\t\t\t<div class=\"elementor-container elementor-column-gap-default\">\n\t\t\t\t\t<div class=\"elementor-column elementor-col-33 elementor-top-column elementor-element elementor-element-242fa29\" data-id=\"242fa29\" data-element_type=\"column\" data-e-type=\"column\">\n\t\t\t<div class=\"elementor-widget-wrap\">\n\t\t\t\t\t\t\t<\/div>\n\t\t<\/div>\n\t\t\t\t<div class=\"elementor-column elementor-col-33 elementor-top-column elementor-element elementor-element-95aa0f9\" data-id=\"95aa0f9\" data-element_type=\"column\" data-e-type=\"column\">\n\t\t\t<div class=\"elementor-widget-wrap elementor-element-populated\">\n\t\t\t\t\t\t<div class=\"elementor-element elementor-element-8e6dd24 elementor-widget-divider--view-line elementor-widget elementor-widget-divider\" data-id=\"8e6dd24\" data-element_type=\"widget\" data-e-type=\"widget\" data-widget_type=\"divider.default\">\n\t\t\t\t<div class=\"elementor-widget-container\">\n\t\t\t\t\t\t\t<div class=\"elementor-divider\">\n\t\t\t<span class=\"elementor-divider-separator\">\n\t\t\t\t\t\t<\/span>\n\t\t<\/div>\n\t\t\t\t\t\t<\/div>\n\t\t\t\t<\/div>\n\t\t\t\t<div class=\"elementor-element elementor-element-49f738d elementor-widget elementor-widget-text-editor\" data-id=\"49f738d\" data-element_type=\"widget\" data-e-type=\"widget\" data-widget_type=\"text-editor.default\">\n\t\t\t\t<div class=\"elementor-widget-container\">\n\t\t\t\t\t\t\t\t\t<h3>Bist du ein leidenschaftliche\/r Wanderer\/in...<\/h3><p>...der\/die es genie\u00dft, seine\/ihre Wanderabenteuer mit der Community zu teilen? Dann bist du bei uns genau richtig! Unsere Rubrik \"Gastautoren\" l\u00e4dt Wanderfreunde ein, ihre eigenen Geschichten auf unserer Website zu teilen.<\/p><p><strong>\"Warum?\" <\/strong>Fragst du dich vielleicht. <strong>\"Um sich gegenseitig zu unterst\u00fctzen.\"<\/strong> Ist die Antwort.<span style=\"font-size: 16px;\">\u00a0\u00a0<\/span><\/p><p>Wir m\u00f6chten einen Ort bieten, an dem Hobby-Blogger, so wie wir, eine weitere Plattform nutzen k\u00f6nnen, um ihre Inhalte zu teilen.\u00a0<\/p><p>Durch die Verlinkung unserer Websites k\u00f6nnen wir auch unsere <a href=\"https:\/\/yoast.com\/outbound-links\/\">SEO<\/a> Leistung verbessern. Das Hinzuf\u00fcgen von externen Links (Backlinks oder ausgehende Links) wertet unsere Artikel auf und k\u00f6nnte uns schlie\u00dflich helfen, in den Suchmaschinenergebnissen h\u00f6her zu ranken.<\/p><p>Vor allem aber sch\u00e4tzen wir <strong>den Wert einer Gemeinschaft,<\/strong> in der wir uns gegenseitig inspirieren, voneinander lernen und gemeinsam wachsen k\u00f6nnen.<\/p>\t\t\t\t\t\t\t\t<\/div>\n\t\t\t\t<\/div>\n\t\t\t\t\t<\/div>\n\t\t<\/div>\n\t\t\t\t<div class=\"elementor-column elementor-col-33 elementor-top-column elementor-element elementor-element-b45c8c0\" data-id=\"b45c8c0\" data-element_type=\"column\" data-e-type=\"column\">\n\t\t\t<div class=\"elementor-widget-wrap\">\n\t\t\t\t\t\t\t<\/div>\n\t\t<\/div>\n\t\t\t\t\t<\/div>\n\t\t<\/section>\n\t\t\t\t<section class=\"elementor-section elementor-top-section elementor-element elementor-element-f576e79 elementor-section-boxed elementor-section-height-default elementor-section-height-default stylepress-section-color-normal\" data-id=\"f576e79\" data-element_type=\"section\" data-e-type=\"section\">\n\t\t\t\t\t\t<div class=\"elementor-container elementor-column-gap-default\">\n\t\t\t\t\t<div class=\"elementor-column elementor-col-33 elementor-top-column elementor-element elementor-element-29d4815\" data-id=\"29d4815\" data-element_type=\"column\" data-e-type=\"column\">\n\t\t\t<div class=\"elementor-widget-wrap\">\n\t\t\t\t\t\t\t<\/div>\n\t\t<\/div>\n\t\t\t\t<div class=\"elementor-column elementor-col-33 elementor-top-column elementor-element elementor-element-c780843\" data-id=\"c780843\" data-element_type=\"column\" data-e-type=\"column\">\n\t\t\t<div class=\"elementor-widget-wrap elementor-element-populated\">\n\t\t\t\t\t\t<div class=\"elementor-element elementor-element-4dab134 animated-slow elementor-invisible elementor-widget elementor-widget-stylepress_email_subscribe\" data-id=\"4dab134\" data-element_type=\"widget\" data-e-type=\"widget\" data-settings=\"{&quot;_animation&quot;:&quot;fadeInRight&quot;}\" data-widget_type=\"stylepress_email_subscribe.default\">\n\t\t\t\t<div class=\"elementor-widget-container\">\n\t\t\t\t\t\t\t<div class=\"stylepress-email-subscribe\" data-elm=\"4dab134\"\n\t\t     data-post=\"2923\">\n\t\t\t<div class=\"loading\"><\/div>\n\t\t\t<div class=\"stylepress-email-status\"><\/div>\n\t\t\t<input type=\"email\" name=\"email\" value=\"\" placeholder=\"Your Email\" class=\"stylepress-subscribe-email\">\n\t\t\t<input type=\"button\" name=\"subscribe\" value=\"Subscribe\" class=\"stylepress-subscribe-send\">\n\t\t<\/div>\n\t\t\t\t\t\t<\/div>\n\t\t\t\t<\/div>\n\t\t\t\t\t<\/div>\n\t\t<\/div>\n\t\t\t\t<div class=\"elementor-column elementor-col-33 elementor-top-column elementor-element elementor-element-a81cc04\" data-id=\"a81cc04\" data-element_type=\"column\" data-e-type=\"column\">\n\t\t\t<div class=\"elementor-widget-wrap\">\n\t\t\t\t\t\t\t<\/div>\n\t\t<\/div>\n\t\t\t\t\t<\/div>\n\t\t<\/section>\n\t\t\t\t<section class=\"elementor-section elementor-top-section elementor-element elementor-element-f787e71 elementor-section-boxed elementor-section-height-default elementor-section-height-default stylepress-section-color-normal\" data-id=\"f787e71\" data-element_type=\"section\" data-e-type=\"section\" data-settings=\"{&quot;background_background&quot;:&quot;classic&quot;}\">\n\t\t\t\t\t\t<div class=\"elementor-container elementor-column-gap-default\">\n\t\t\t\t\t<div class=\"elementor-column elementor-col-100 elementor-top-column elementor-element elementor-element-a9fa3d1\" data-id=\"a9fa3d1\" data-element_type=\"column\" data-e-type=\"column\">\n\t\t\t<div class=\"elementor-widget-wrap elementor-element-populated\">\n\t\t\t\t\t\t<div class=\"elementor-element elementor-element-a78125f elementor-widget elementor-widget-heading\" data-id=\"a78125f\" data-element_type=\"widget\" data-e-type=\"widget\" data-widget_type=\"heading.default\">\n\t\t\t\t<div class=\"elementor-widget-container\">\n\t\t\t\t\t<h3 class=\"elementor-heading-title elementor-size-default\">Folgt uns auf...<\/h3>\t\t\t\t<\/div>\n\t\t\t\t<\/div>\n\t\t\t\t<div class=\"elementor-element elementor-element-7846aae elementor-shape-rounded elementor-grid-0 e-grid-align-center elementor-widget elementor-widget-social-icons\" data-id=\"7846aae\" data-element_type=\"widget\" data-e-type=\"widget\" data-widget_type=\"social-icons.default\">\n\t\t\t\t<div class=\"elementor-widget-container\">\n\t\t\t\t\t\t\t<div class=\"elementor-social-icons-wrapper elementor-grid\" role=\"list\">\n\t\t\t\t\t\t\t<span class=\"elementor-grid-item\" role=\"listitem\">\n\t\t\t\t\t<a class=\"elementor-icon elementor-social-icon elementor-social-icon-instagram elementor-animation-grow elementor-repeater-item-176ce5c\" href=\"https:\/\/www.instagram.com\/todayisagoatday\/\" target=\"_blank\">\n\t\t\t\t\t\t<span class=\"elementor-screen-only\">Instagram<\/span>\n\t\t\t\t\t\t<i aria-hidden=\"true\" class=\"fab fa-instagram\"><\/i>\t\t\t\t\t<\/a>\n\t\t\t\t<\/span>\n\t\t\t\t\t\t\t<span class=\"elementor-grid-item\" role=\"listitem\">\n\t\t\t\t\t<a class=\"elementor-icon elementor-social-icon elementor-social-icon-facebook elementor-animation-grow elementor-repeater-item-b779f8d\" href=\"https:\/\/www.facebook.com\/Todayisagoatday-103894504645108\/\" target=\"_blank\">\n\t\t\t\t\t\t<span class=\"elementor-screen-only\">Facebook<\/span>\n\t\t\t\t\t\t<i aria-hidden=\"true\" class=\"fab fa-facebook\"><\/i>\t\t\t\t\t<\/a>\n\t\t\t\t<\/span>\n\t\t\t\t\t\t\t<span class=\"elementor-grid-item\" role=\"listitem\">\n\t\t\t\t\t<a class=\"elementor-icon elementor-social-icon elementor-social-icon-youtube elementor-animation-grow elementor-repeater-item-9fbef60\" target=\"_blank\">\n\t\t\t\t\t\t<span class=\"elementor-screen-only\">Youtube<\/span>\n\t\t\t\t\t\t<i aria-hidden=\"true\" class=\"fab fa-youtube\"><\/i>\t\t\t\t\t<\/a>\n\t\t\t\t<\/span>\n\t\t\t\t\t<\/div>\n\t\t\t\t\t\t<\/div>\n\t\t\t\t<\/div>\n\t\t\t\t\t<\/div>\n\t\t<\/div>\n\t\t\t\t\t<\/div>\n\t\t<\/section>\n\t\t\t\t<\/div>","protected":false},"excerpt":{"rendered":"<p>Guest Writers Are you a passionate hiker&#8230; &#8230;who enjoys sharing your hiking adventures with the community? Then you have come to the right place! Our \u201cGuest Writers\u201d section invites fellow hiking buddies to share their own stories on our website. \u201cWhy?\u201d You might ask. \u201cIn order to support each other.\u201d Is the answer.\u00a0\u00a0 We would [&hellip;]<\/p>\n","protected":false},"author":1,"featured_media":0,"parent":0,"menu_order":0,"comment_status":"closed","ping_status":"closed","template":"","meta":{"site-sidebar-layout":"no-sidebar","site-content-layout":"page-builder","ast-site-content-layout":"","site-content-style":"default","site-sidebar-style":"default","ast-global-header-display":"","ast-banner-title-visibility":"","ast-main-header-display":"","ast-hfb-above-header-display":"","ast-hfb-below-header-display":"","ast-hfb-mobile-header-display":"","site-post-title":"disabled","ast-breadcrumbs-content":"","ast-featured-img":"disabled","footer-sml-layout":"","theme-transparent-header-meta":"default","adv-header-id-meta":"","stick-header-meta":"","header-above-stick-meta":"","header-main-stick-meta":"","header-below-stick-meta":"","astra-migrate-meta-layouts":"default","ast-page-background-enabled":"default","ast-page-background-meta":{"desktop":{"background-color":"","background-image":"","background-repeat":"repeat","background-position":"center center","background-size":"auto","background-attachment":"scroll","background-type":"","background-media":"","overlay-type":"","overlay-color":"","overlay-opacity":"","overlay-gradient":""},"tablet":{"background-color":"","background-image":"","background-repeat":"repeat","background-position":"center center","background-size":"auto","background-attachment":"scroll","background-type":"","background-media":"","overlay-type":"","overlay-color":"","overlay-opacity":"","overlay-gradient":""},"mobile":{"background-color":"","background-image":"","background-repeat":"repeat","background-position":"center center","background-size":"auto","background-attachment":"scroll","background-type":"","background-media":"","overlay-type":"","overlay-color":"","overlay-opacity":"","overlay-gradient":""}},"ast-content-background-meta":{"desktop":{"background-color":"var(--ast-global-color-5)","background-image":"","background-repeat":"repeat","background-position":"center center","background-size":"auto","background-attachment":"scroll","background-type":"","background-media":"","overlay-type":"","overlay-color":"","overlay-opacity":"","overlay-gradient":""},"tablet":{"background-color":"var(--ast-global-color-5)","background-image":"","background-repeat":"repeat","background-position":"center center","background-size":"auto","background-attachment":"scroll","background-type":"","background-media":"","overlay-type":"","overlay-color":"","overlay-opacity":"","overlay-gradient":""},"mobile":{"background-color":"var(--ast-global-color-5)","background-image":"","background-repeat":"repeat","background-position":"center center","background-size":"auto","background-attachment":"scroll","background-type":"","background-media":"","overlay-type":"","overlay-color":"","overlay-opacity":"","overlay-gradient":""}},"footnotes":""},"class_list":["post-2923","page","type-page","status-publish","hentry"],"yoast_head":"<!-- This site is optimized with the Yoast SEO plugin v27.4 - https:\/\/yoast.com\/product\/yoast-seo-wordpress\/ -->\n<title>Guest Writers - TODAY IS A GOAT DAY<\/title>\n<meta name=\"robots\" content=\"index, follow, max-snippet:-1, max-image-preview:large, max-video-preview:-1\" \/>\n<link rel=\"canonical\" href=\"https:\/\/todayisagoatday.com\/de\/guest-writers\/\" \/>\n<meta name=\"twitter:card\" content=\"summary_large_image\" \/>\n<meta name=\"twitter:title\" content=\"Guest Writers - TODAY IS A GOAT DAY\" \/>\n<meta name=\"twitter:description\" content=\"Guest Writers Are you a passionate hiker&#8230; &#8230;who enjoys sharing your hiking adventures with the community? Then you have come to the right place! Our \u201cGuest Writers\u201d section invites fellow hiking buddies to share their own stories on our website. \u201cWhy?\u201d You might ask. \u201cIn order to support each other.\u201d Is the answer.\u00a0\u00a0 We would [&hellip;]\" \/>\n<meta name=\"twitter:label1\" content=\"Gesch\u00e4tzte Lesezeit\" \/>\n\t<meta name=\"twitter:data1\" content=\"1\u00a0Minute\" \/>\n<script type=\"application\/ld+json\" class=\"yoast-schema-graph\">{\"@context\":\"https:\\\/\\\/schema.org\",\"@graph\":[{\"@type\":\"WebPage\",\"@id\":\"https:\\\/\\\/todayisagoatday.com\\\/en\\\/guest-writers\\\/\",\"url\":\"https:\\\/\\\/todayisagoatday.com\\\/en\\\/guest-writers\\\/\",\"name\":\"Guest Writers - TODAY IS A GOAT DAY\",\"isPartOf\":{\"@id\":\"https:\\\/\\\/todayisagoatday.com\\\/#website\"},\"datePublished\":\"2020-11-01T12:38:07+00:00\",\"dateModified\":\"2020-11-19T11:45:47+00:00\",\"breadcrumb\":{\"@id\":\"https:\\\/\\\/todayisagoatday.com\\\/en\\\/guest-writers\\\/#breadcrumb\"},\"inLanguage\":\"de\",\"potentialAction\":[{\"@type\":\"ReadAction\",\"target\":[\"https:\\\/\\\/todayisagoatday.com\\\/en\\\/guest-writers\\\/\"]}]},{\"@type\":\"BreadcrumbList\",\"@id\":\"https:\\\/\\\/todayisagoatday.com\\\/en\\\/guest-writers\\\/#breadcrumb\",\"itemListElement\":[{\"@type\":\"ListItem\",\"position\":1,\"name\":\"Home\",\"item\":\"https:\\\/\\\/todayisagoatday.com\\\/de\\\/\"},{\"@type\":\"ListItem\",\"position\":2,\"name\":\"Guest Writers\"}]},{\"@type\":\"WebSite\",\"@id\":\"https:\\\/\\\/todayisagoatday.com\\\/#website\",\"url\":\"https:\\\/\\\/todayisagoatday.com\\\/\",\"name\":\"TODAY IS A GOAT DAY\",\"description\":\"Hikes and activities in Switzerland\",\"publisher\":{\"@id\":\"https:\\\/\\\/todayisagoatday.com\\\/#organization\"},\"potentialAction\":[{\"@type\":\"SearchAction\",\"target\":{\"@type\":\"EntryPoint\",\"urlTemplate\":\"https:\\\/\\\/todayisagoatday.com\\\/?s={search_term_string}\"},\"query-input\":{\"@type\":\"PropertyValueSpecification\",\"valueRequired\":true,\"valueName\":\"search_term_string\"}}],\"inLanguage\":\"de\"},{\"@type\":\"Organization\",\"@id\":\"https:\\\/\\\/todayisagoatday.com\\\/#organization\",\"name\":\"Today is a Goat day - Adventures Hiking | Walking in Switzerland\",\"url\":\"https:\\\/\\\/todayisagoatday.com\\\/\",\"logo\":{\"@type\":\"ImageObject\",\"inLanguage\":\"de\",\"@id\":\"https:\\\/\\\/todayisagoatday.com\\\/#\\\/schema\\\/logo\\\/image\\\/\",\"url\":\"https:\\\/\\\/todayisagoatday.com\\\/wp-content\\\/uploads\\\/2020\\\/11\\\/Logo-grey-green-white.png\",\"contentUrl\":\"https:\\\/\\\/todayisagoatday.com\\\/wp-content\\\/uploads\\\/2020\\\/11\\\/Logo-grey-green-white.png\",\"width\":401,\"height\":401,\"caption\":\"Today is a Goat day - Adventures Hiking | Walking in Switzerland\"},\"image\":{\"@id\":\"https:\\\/\\\/todayisagoatday.com\\\/#\\\/schema\\\/logo\\\/image\\\/\"},\"sameAs\":[\"https:\\\/\\\/www.facebook.com\\\/Todayisagoatday-103894504645108\",\"https:\\\/\\\/www.instagram.com\\\/todayisagoatday\\\/\"]}]}<\/script>\n<!-- \/ Yoast SEO plugin. -->","yoast_head_json":{"title":"Guest Writers - TODAY IS A GOAT DAY","robots":{"index":"index","follow":"follow","max-snippet":"max-snippet:-1","max-image-preview":"max-image-preview:large","max-video-preview":"max-video-preview:-1"},"canonical":"https:\/\/todayisagoatday.com\/de\/guest-writers\/","twitter_card":"summary_large_image","twitter_title":"Guest Writers - TODAY IS A GOAT DAY","twitter_description":"Guest Writers Are you a passionate hiker&#8230; &#8230;who enjoys sharing your hiking adventures with the community? Then you have come to the right place! Our \u201cGuest Writers\u201d section invites fellow hiking buddies to share their own stories on our website. \u201cWhy?\u201d You might ask. \u201cIn order to support each other.\u201d Is the answer.\u00a0\u00a0 We would [&hellip;]","twitter_misc":{"Gesch\u00e4tzte Lesezeit":"1\u00a0Minute"},"schema":{"@context":"https:\/\/schema.org","@graph":[{"@type":"WebPage","@id":"https:\/\/todayisagoatday.com\/en\/guest-writers\/","url":"https:\/\/todayisagoatday.com\/en\/guest-writers\/","name":"Guest Writers - TODAY IS A GOAT DAY","isPartOf":{"@id":"https:\/\/todayisagoatday.com\/#website"},"datePublished":"2020-11-01T12:38:07+00:00","dateModified":"2020-11-19T11:45:47+00:00","breadcrumb":{"@id":"https:\/\/todayisagoatday.com\/en\/guest-writers\/#breadcrumb"},"inLanguage":"de","potentialAction":[{"@type":"ReadAction","target":["https:\/\/todayisagoatday.com\/en\/guest-writers\/"]}]},{"@type":"BreadcrumbList","@id":"https:\/\/todayisagoatday.com\/en\/guest-writers\/#breadcrumb","itemListElement":[{"@type":"ListItem","position":1,"name":"Home","item":"https:\/\/todayisagoatday.com\/de\/"},{"@type":"ListItem","position":2,"name":"Guest Writers"}]},{"@type":"WebSite","@id":"https:\/\/todayisagoatday.com\/#website","url":"https:\/\/todayisagoatday.com\/","name":"TODAY IS A GOAT DAY","description":"Tolle Aktivit\u00e4ten in der Schweiz","publisher":{"@id":"https:\/\/todayisagoatday.com\/#organization"},"potentialAction":[{"@type":"SearchAction","target":{"@type":"EntryPoint","urlTemplate":"https:\/\/todayisagoatday.com\/?s={search_term_string}"},"query-input":{"@type":"PropertyValueSpecification","valueRequired":true,"valueName":"search_term_string"}}],"inLanguage":"de"},{"@type":"Organization","@id":"https:\/\/todayisagoatday.com\/#organization","name":"Today is a Goat day - Adventures Hiking | Walking in Switzerland","url":"https:\/\/todayisagoatday.com\/","logo":{"@type":"ImageObject","inLanguage":"de","@id":"https:\/\/todayisagoatday.com\/#\/schema\/logo\/image\/","url":"https:\/\/todayisagoatday.com\/wp-content\/uploads\/2020\/11\/Logo-grey-green-white.png","contentUrl":"https:\/\/todayisagoatday.com\/wp-content\/uploads\/2020\/11\/Logo-grey-green-white.png","width":401,"height":401,"caption":"Today is a Goat day - Adventures Hiking | Walking in Switzerland"},"image":{"@id":"https:\/\/todayisagoatday.com\/#\/schema\/logo\/image\/"},"sameAs":["https:\/\/www.facebook.com\/Todayisagoatday-103894504645108","https:\/\/www.instagram.com\/todayisagoatday\/"]}]}},"_links":{"self":[{"href":"https:\/\/todayisagoatday.com\/de\/wp-json\/wp\/v2\/pages\/2923","targetHints":{"allow":["GET"]}}],"collection":[{"href":"https:\/\/todayisagoatday.com\/de\/wp-json\/wp\/v2\/pages"}],"about":[{"href":"https:\/\/todayisagoatday.com\/de\/wp-json\/wp\/v2\/types\/page"}],"author":[{"embeddable":true,"href":"https:\/\/todayisagoatday.com\/de\/wp-json\/wp\/v2\/users\/1"}],"replies":[{"embeddable":true,"href":"https:\/\/todayisagoatday.com\/de\/wp-json\/wp\/v2\/comments?post=2923"}],"version-history":[{"count":5,"href":"https:\/\/todayisagoatday.com\/de\/wp-json\/wp\/v2\/pages\/2923\/revisions"}],"predecessor-version":[{"id":3354,"href":"https:\/\/todayisagoatday.com\/de\/wp-json\/wp\/v2\/pages\/2923\/revisions\/3354"}],"wp:attachment":[{"href":"https:\/\/todayisagoatday.com\/de\/wp-json\/wp\/v2\/media?parent=2923"}],"curies":[{"name":"wp","href":"https:\/\/api.w.org\/{rel}","templated":true}]}}